{"id":2,"date":"2019-08-02T22:19:00","date_gmt":"2019-08-02T22:19:00","guid":{"rendered":"http:\/\/guidezagreb.com\/hr\/?page_id=2"},"modified":"2019-08-07T22:23:32","modified_gmt":"2019-08-07T22:23:32","slug":"kontakt","status":"publish","type":"page","link":"https:\/\/guidezagreb.com\/hr\/kontakt\/","title":{"rendered":"Kontakt"},"content":{"rendered":"<p><strong>Spomenka \u0160abi\u0107<\/strong><br \/>\nturisti\u010dki vodi\u010d na francuskom, talijanskom i hrvatskom jeziku<br \/>\nGSM: <strong>095 901 86 11<\/strong><br \/>\ne-mail: spomenka.sabic@gmail.com<br \/>\nFB: <a href=\"https:\/\/www.facebook.com\/ZagrebTouristGuide\/\" rel=\"noopener noreferrer\" target=\"_blank\">https:\/\/www.facebook.com\/ZagrebTouristGuide\/<\/a><\/p>\n","protected":false},"excerpt":{"rendered":"<p>Spomenka \u0160abi\u0107 turisti\u010dki vodi\u010d na francuskom, talijanskom i hrvatskom jeziku GSM: 095 901 86 11 e-mail: spomenka.sabic@gmail.com FB: https:\/\/www.facebook.com\/ZagrebTouristGuide\/<\/p>\n","protected":false},"author":1,"featured_media":0,"parent":0,"menu_order":0,"comment_status":"closed","ping_status":"open","template":"","meta":{"footnotes":""},"class_list":["post-2","page","type-page","status-publish","hentry"],"yoast_head":"<!-- This site is optimized with the Yoast SEO plugin v27.1.1 - https:\/\/yoast.com\/product\/yoast-seo-wordpress\/ -->\n<title>Kontakt - Zagreb<\/title>\n<meta name=\"robots\" content=\"index, follow, max-snippet:-1, max-image-preview:large, max-video-preview:-1\" \/>\n<link rel=\"canonical\" href=\"https:\/\/guidezagreb.com\/hr\/kontakt\/\" \/>\n<meta property=\"og:locale\" content=\"hr_HR\" \/>\n<meta property=\"og:type\" content=\"article\" \/>\n<meta property=\"og:title\" content=\"Kontakt - Zagreb\" \/>\n<meta property=\"og:description\" content=\"Spomenka \u0160abi\u0107 turisti\u010dki vodi\u010d na francuskom, talijanskom i hrvatskom jeziku GSM: 095 901 86 11 e-mail: spomenka.sabic@gmail.com FB: https:\/\/www.facebook.com\/ZagrebTouristGuide\/\" \/>\n<meta property=\"og:url\" content=\"https:\/\/guidezagreb.com\/hr\/kontakt\/\" \/>\n<meta property=\"og:site_name\" content=\"Zagreb\" \/>\n<meta property=\"article:modified_time\" content=\"2019-08-07T22:23:32+00:00\" \/>\n<meta name=\"twitter:card\" content=\"summary_large_image\" \/>\n<script type=\"application\/ld+json\" class=\"yoast-schema-graph\">{\"@context\":\"https:\/\/schema.org\",\"@graph\":[{\"@type\":\"WebPage\",\"@id\":\"https:\/\/guidezagreb.com\/hr\/kontakt\/\",\"url\":\"https:\/\/guidezagreb.com\/hr\/kontakt\/\",\"name\":\"Kontakt - Zagreb\",\"isPartOf\":{\"@id\":\"https:\/\/guidezagreb.com\/hr\/#website\"},\"datePublished\":\"2019-08-02T22:19:00+00:00\",\"dateModified\":\"2019-08-07T22:23:32+00:00\",\"breadcrumb\":{\"@id\":\"https:\/\/guidezagreb.com\/hr\/kontakt\/#breadcrumb\"},\"inLanguage\":\"hr\",\"potentialAction\":[{\"@type\":\"ReadAction\",\"target\":[\"https:\/\/guidezagreb.com\/hr\/kontakt\/\"]}]},{\"@type\":\"BreadcrumbList\",\"@id\":\"https:\/\/guidezagreb.com\/hr\/kontakt\/#breadcrumb\",\"itemListElement\":[{\"@type\":\"ListItem\",\"position\":1,\"name\":\"Po\u010detna stranica\",\"item\":\"https:\/\/guidezagreb.com\/hr\/\"},{\"@type\":\"ListItem\",\"position\":2,\"name\":\"Kontakt\"}]},{\"@type\":\"WebSite\",\"@id\":\"https:\/\/guidezagreb.com\/hr\/#website\",\"url\":\"https:\/\/guidezagreb.com\/hr\/\",\"name\":\"Zagreb\",\"description\":\"Turisti\u010dki vodi\u010d Spomenka &Scaron;abi\u0107\",\"potentialAction\":[{\"@type\":\"SearchAction\",\"target\":{\"@type\":\"EntryPoint\",\"urlTemplate\":\"https:\/\/guidezagreb.com\/hr\/?s={search_term_string}\"},\"query-input\":{\"@type\":\"PropertyValueSpecification\",\"valueRequired\":true,\"valueName\":\"search_term_string\"}}],\"inLanguage\":\"hr\"}]}<\/script>\n<!-- \/ Yoast SEO plugin. -->","yoast_head_json":{"title":"Kontakt - Zagreb","robots":{"index":"index","follow":"follow","max-snippet":"max-snippet:-1","max-image-preview":"max-image-preview:large","max-video-preview":"max-video-preview:-1"},"canonical":"https:\/\/guidezagreb.com\/hr\/kontakt\/","og_locale":"hr_HR","og_type":"article","og_title":"Kontakt - Zagreb","og_description":"Spomenka \u0160abi\u0107 turisti\u010dki vodi\u010d na francuskom, talijanskom i hrvatskom jeziku GSM: 095 901 86 11 e-mail: spomenka.sabic@gmail.com FB: https:\/\/www.facebook.com\/ZagrebTouristGuide\/","og_url":"https:\/\/guidezagreb.com\/hr\/kontakt\/","og_site_name":"Zagreb","article_modified_time":"2019-08-07T22:23:32+00:00","twitter_card":"summary_large_image","schema":{"@context":"https:\/\/schema.org","@graph":[{"@type":"WebPage","@id":"https:\/\/guidezagreb.com\/hr\/kontakt\/","url":"https:\/\/guidezagreb.com\/hr\/kontakt\/","name":"Kontakt - Zagreb","isPartOf":{"@id":"https:\/\/guidezagreb.com\/hr\/#website"},"datePublished":"2019-08-02T22:19:00+00:00","dateModified":"2019-08-07T22:23:32+00:00","breadcrumb":{"@id":"https:\/\/guidezagreb.com\/hr\/kontakt\/#breadcrumb"},"inLanguage":"hr","potentialAction":[{"@type":"ReadAction","target":["https:\/\/guidezagreb.com\/hr\/kontakt\/"]}]},{"@type":"BreadcrumbList","@id":"https:\/\/guidezagreb.com\/hr\/kontakt\/#breadcrumb","itemListElement":[{"@type":"ListItem","position":1,"name":"Po\u010detna stranica","item":"https:\/\/guidezagreb.com\/hr\/"},{"@type":"ListItem","position":2,"name":"Kontakt"}]},{"@type":"WebSite","@id":"https:\/\/guidezagreb.com\/hr\/#website","url":"https:\/\/guidezagreb.com\/hr\/","name":"Zagreb","description":"Turisti\u010dki vodi\u010d Spomenka &Scaron;abi\u0107","potentialAction":[{"@type":"SearchAction","target":{"@type":"EntryPoint","urlTemplate":"https:\/\/guidezagreb.com\/hr\/?s={search_term_string}"},"query-input":{"@type":"PropertyValueSpecification","valueRequired":true,"valueName":"search_term_string"}}],"inLanguage":"hr"}]}},"_links":{"self":[{"href":"https:\/\/guidezagreb.com\/hr\/wp-json\/wp\/v2\/pages\/2","targetHints":{"allow":["GET"]}}],"collection":[{"href":"https:\/\/guidezagreb.com\/hr\/wp-json\/wp\/v2\/pages"}],"about":[{"href":"https:\/\/guidezagreb.com\/hr\/wp-json\/wp\/v2\/types\/page"}],"author":[{"embeddable":true,"href":"https:\/\/guidezagreb.com\/hr\/wp-json\/wp\/v2\/users\/1"}],"replies":[{"embeddable":true,"href":"https:\/\/guidezagreb.com\/hr\/wp-json\/wp\/v2\/comments?post=2"}],"version-history":[{"count":3,"href":"https:\/\/guidezagreb.com\/hr\/wp-json\/wp\/v2\/pages\/2\/revisions"}],"predecessor-version":[{"id":13896,"href":"https:\/\/guidezagreb.com\/hr\/wp-json\/wp\/v2\/pages\/2\/revisions\/13896"}],"wp:attachment":[{"href":"https:\/\/guidezagreb.com\/hr\/wp-json\/wp\/v2\/media?parent=2"}],"curies":[{"name":"wp","href":"https:\/\/api.w.org\/{rel}","templated":true}]}}